{"id":508,"date":"2017-02-23T11:27:52","date_gmt":"2017-02-23T10:27:52","guid":{"rendered":"http:\/\/martillopis.blogs.upv.es\/?page_id=508"},"modified":"2019-10-27T12:28:49","modified_gmt":"2019-10-27T12:28:49","slug":"works","status":"publish","type":"page","link":"https:\/\/martillopis.es\/?page_id=508","title":{"rendered":"Works"},"content":{"rendered":"<p>Trabajos realizados a partir de dos conceptos, el color y los objetos usados o encontrados.<\/p>\n<p>La pintura des-contextuada de la realidad palpable para centrarse en espacios \u00a0o manchas de color, en general\u00a0un tanto b\u00e1sicos pero reflexionados.<\/p>\n<p>El grabado \u00a0como modo de investigaci\u00f3n de formas y l\u00edneas que luego se aplicara a otros campos.<\/p>\n<p>La fotograf\u00eda como el ojo que ve y se admira de peque\u00f1os detalles del d\u00eda a d\u00eda y on car\u00e1cter anecd\u00f3tico.<\/p>\n<p>En el Happening a partir de objetos \u00a0tanto encontrados o desechados plasmamos aquello que observamos. En DETRITUS, se contempla tanto elementos f\u00edsicos como conceptuales pues entendemos que el\u00a0arte como tantas otras disciplinas est\u00e1n abandonados, irrespetados, desechados, pues su uso o m\u00e1s bien su mal uso los ha enaltecido y banalizado, y su pensamiento cr\u00edtico, muchas veces ciego, importuna.<\/p>\n","protected":false},"excerpt":{"rendered":"<p>Trabajos realizados a partir de dos conceptos, el color y los objetos usados o encontrados. La pintura des-contextuada de la realidad palpable para centrarse en espacios \u00a0o manchas de color, en general\u00a0un tanto b\u00e1sicos pero reflexionados. El grabado \u00a0como modo de investigaci\u00f3n de formas y l\u00edneas que luego se aplicara a otros campos. La fotograf\u00eda &hellip; <\/p>\n<p class=\"link-more\"><a href=\"https:\/\/martillopis.es\/?page_id=508\" class=\"more-link\">Continuar leyendo<span class=\"screen-reader-text\"> \u00abWorks\u00bb<\/span><\/a><\/p>\n","protected":false},"author":1,"featured_media":0,"parent":0,"menu_order":0,"comment_status":"closed","ping_status":"closed","template":"","meta":[],"_links":{"self":[{"href":"https:\/\/martillopis.es\/index.php?rest_route=\/wp\/v2\/pages\/508"}],"collection":[{"href":"https:\/\/martillopis.es\/index.php?rest_route=\/wp\/v2\/pages"}],"about":[{"href":"https:\/\/martillopis.es\/index.php?rest_route=\/wp\/v2\/types\/page"}],"author":[{"embeddable":true,"href":"https:\/\/martillopis.es\/index.php?rest_route=\/wp\/v2\/users\/1"}],"replies":[{"embeddable":true,"href":"https:\/\/martillopis.es\/index.php?rest_route=%2Fwp%2Fv2%2Fcomments&post=508"}],"version-history":[{"count":1,"href":"https:\/\/martillopis.es\/index.php?rest_route=\/wp\/v2\/pages\/508\/revisions"}],"predecessor-version":[{"id":4404,"href":"https:\/\/martillopis.es\/index.php?rest_route=\/wp\/v2\/pages\/508\/revisions\/4404"}],"wp:attachment":[{"href":"https:\/\/martillopis.es\/index.php?rest_route=%2Fwp%2Fv2%2Fmedia&parent=508"}],"curies":[{"name":"wp","href":"https:\/\/api.w.org\/{rel}","templated":true}]}}