{"id":461,"date":"2017-02-23T10:55:11","date_gmt":"2017-02-23T09:55:11","guid":{"rendered":"http:\/\/martillopis.blogs.upv.es\/?page_id=461"},"modified":"2024-02-07T19:27:17","modified_gmt":"2024-02-07T19:27:17","slug":"statement","status":"publish","type":"page","link":"https:\/\/martillopis.es\/?page_id=461","title":{"rendered":"STATEMENT"},"content":{"rendered":"<figure id=\"attachment_4530\" aria-describedby=\"caption-attachment-4530\" style=\"width: 1024px\" class=\"wp-caption alignnone\"><img decoding=\"async\" loading=\"lazy\" class=\"wp-image-4530 size-large\" title=\"la mujer, el nosotros, lo colectivo.\" src=\"https:\/\/martillopis.es\/wp-content\/uploads\/2021\/11\/WhatsApp-Image-2021-09-25-at-10.55.55-1024x576.jpeg\" alt=\"ver, mirar y observar. \" width=\"1024\" height=\"576\" srcset=\"https:\/\/martillopis.es\/wp-content\/uploads\/2021\/11\/WhatsApp-Image-2021-09-25-at-10.55.55-1024x576.jpeg 1024w, https:\/\/martillopis.es\/wp-content\/uploads\/2021\/11\/WhatsApp-Image-2021-09-25-at-10.55.55-300x169.jpeg 300w, https:\/\/martillopis.es\/wp-content\/uploads\/2021\/11\/WhatsApp-Image-2021-09-25-at-10.55.55-768x432.jpeg 768w, https:\/\/martillopis.es\/wp-content\/uploads\/2021\/11\/WhatsApp-Image-2021-09-25-at-10.55.55.jpeg 1599w\" sizes=\"(max-width: 706px) 89vw, (max-width: 767px) 82vw, 740px\" \/><figcaption id=\"caption-attachment-4530\" class=\"wp-caption-text\">El colectivo como idea. Foto de Tham Casany<\/figcaption><\/figure>\n<p><strong> Mart\u00edllopis<\/strong><\/p>\n<p>En su estudio Mart\u00edllopis trabaja con el objeto usado. Intentan descubrir y capturar, paso a paso, objetos, detalles, pedazos rotos junto a un contenedor o simplemente abandonados en el suelo. Con el objeto usado se percata de la nada. Ya nada importa, ya nada nos sorprende, lo usado, lo roto, lo desconocido, molesta. Mart\u00edllopis quiere poner sobre el soporte art\u00edstico esa invisibilidad y esa ceguera que nos impide disfrutar de ese d\u00eda d\u00eda, del paso del tiempo, de la memoria y de tantas experiencias que la vor\u00e1gine consumista alimenta.<\/p>\n<p>El inter\u00e9s que mueve a este artista parte de <strong>la idea<\/strong>, del concepto. Le mueve el pensamiento. En definitiva, busca elementos que les ayuden a seguir el rastro del arte. Sus trabajos son una apuesta por el objeto ready-made, un objeto usado y de consumo para reflejar en cierta manera la sociedad en la que vivimos. Esto implica una acci\u00f3n, caminar, pasear, divagar, actitudes que nos llevan al proceso, al trabajo, la investigaci\u00f3n, hechos, con m\u00e1s prerrogativas m\u00e1s que el resultado final en s\u00ed.<\/p>\n<p>Otro de los conceptos que trabaja Mart\u00edllopis es <strong>lo colectivo<\/strong>, una apuesta por lo com\u00fan, por lo \u201cnuestro\u201d, evitando los individualismos y el concepto de propiedad tan arraigado entre los artistas. Lo colectivo tambi\u00e9n como modelo de sociedad. Una sociedad donde la mujer es parte importante y donde el feminismo, como apuesta por el cuidado, por el respeto y por el \u00abnosotros\u00bb como apunta Marina Garc\u00e9s, nos hace m\u00e1s grandes. El arte, como idea y el nosotros como fin. Es por ello que se implica con el comisariado art\u00edstico desde lo colectivo, pues la suma total multiplica las individualidades.<\/p>\n<p>Esta fusi\u00f3n de la idea con el colectivo se traduce en <strong>acci\u00f3n<\/strong>. De tal manera que no se entiende el arte sin acci\u00f3n. Pues el arte se mueve en el d\u00eda a d\u00eda, tiene su <em>haber<\/em> en el presente, y se refleja en la calle.<\/p>\n<p>Y por \u00faltimo su lema es: el arte habla de arte.<\/p>\n<p>Key words: La idea; el proceso; ready-made, consumo; lo colectivo.<\/p>\n","protected":false},"excerpt":{"rendered":"<p>Mart\u00edllopis En su estudio Mart\u00edllopis trabaja con el objeto usado. Intentan descubrir y capturar, paso a paso, objetos, detalles, pedazos rotos junto a un contenedor o simplemente abandonados en el suelo. Con el objeto usado se percata de la nada. Ya nada importa, ya nada nos sorprende, lo usado, lo roto, lo desconocido, molesta. Mart\u00edllopis &hellip; <\/p>\n<p class=\"link-more\"><a href=\"https:\/\/martillopis.es\/?page_id=461\" class=\"more-link\">Continuar leyendo<span class=\"screen-reader-text\"> \u00abSTATEMENT\u00bb<\/span><\/a><\/p>\n","protected":false},"author":1,"featured_media":4516,"parent":0,"menu_order":0,"comment_status":"closed","ping_status":"closed","template":"","meta":[],"_links":{"self":[{"href":"https:\/\/martillopis.es\/index.php?rest_route=\/wp\/v2\/pages\/461"}],"collection":[{"href":"https:\/\/martillopis.es\/index.php?rest_route=\/wp\/v2\/pages"}],"about":[{"href":"https:\/\/martillopis.es\/index.php?rest_route=\/wp\/v2\/types\/page"}],"author":[{"embeddable":true,"href":"https:\/\/martillopis.es\/index.php?rest_route=\/wp\/v2\/users\/1"}],"replies":[{"embeddable":true,"href":"https:\/\/martillopis.es\/index.php?rest_route=%2Fwp%2Fv2%2Fcomments&post=461"}],"version-history":[{"count":15,"href":"https:\/\/martillopis.es\/index.php?rest_route=\/wp\/v2\/pages\/461\/revisions"}],"predecessor-version":[{"id":4874,"href":"https:\/\/martillopis.es\/index.php?rest_route=\/wp\/v2\/pages\/461\/revisions\/4874"}],"wp:featuredmedia":[{"embeddable":true,"href":"https:\/\/martillopis.es\/index.php?rest_route=\/wp\/v2\/media\/4516"}],"wp:attachment":[{"href":"https:\/\/martillopis.es\/index.php?rest_route=%2Fwp%2Fv2%2Fmedia&parent=461"}],"curies":[{"name":"wp","href":"https:\/\/api.w.org\/{rel}","templated":true}]}}