{"id":3012,"date":"2018-07-08T09:23:14","date_gmt":"2018-07-08T08:23:14","guid":{"rendered":"http:\/\/martillopis.blogs.upv.es\/?page_id=3012"},"modified":"2019-10-27T15:17:46","modified_gmt":"2019-10-27T15:17:46","slug":"comisario","status":"publish","type":"page","link":"https:\/\/martillopis.es\/?page_id=3012","title":{"rendered":"COMISARIADO ART\u00cdSTICO"},"content":{"rendered":"<h1><\/h1>\n<h2>COMISARIARIADO ART\u00cdSTICO.<\/h2>\n<p>SER COMISARIO presenta diferentes y variables vertientes. La opci\u00f3n que interesa mostrar es la que comisario y artista formen una \u00fanica obra en la sala de exposiciones o, fuera de ella, pues el arte nos se limita a los espacios com\u00fanmente llamados culturales sino que, m\u00e1s bien,\u00a0 la esfera es tan amplia, que va desde la sala a la calle y hacia el mundo digital. No se trata, por supuesto, de implantar alg\u00fan tipo de reglas o normativas sino m\u00e1s bien todo lo contrario, se tratar\u00eda de crear juntos las propias pautas para que la muestra se vea de manera homog\u00e9nea a\u00fan siendo dispar y lo m\u00e1s importante que muestre\u00a0 otras tantas caras del artista que sea el espectador quien tenga la \u00faltima palabra.<\/p>\n<pre><\/pre>\n","protected":false},"excerpt":{"rendered":"<p>COMISARIARIADO ART\u00cdSTICO. SER COMISARIO presenta diferentes y variables vertientes. La opci\u00f3n que interesa mostrar es la que comisario y artista formen una \u00fanica obra en la sala de exposiciones o, fuera de ella, pues el arte nos se limita a los espacios com\u00fanmente llamados culturales sino que, m\u00e1s bien,\u00a0 la esfera es tan amplia, que &hellip; <\/p>\n<p class=\"link-more\"><a href=\"https:\/\/martillopis.es\/?page_id=3012\" class=\"more-link\">Continuar leyendo<span class=\"screen-reader-text\"> \u00abCOMISARIADO ART\u00cdSTICO\u00bb<\/span><\/a><\/p>\n","protected":false},"author":1,"featured_media":0,"parent":0,"menu_order":0,"comment_status":"closed","ping_status":"closed","template":"","meta":[],"_links":{"self":[{"href":"https:\/\/martillopis.es\/index.php?rest_route=\/wp\/v2\/pages\/3012"}],"collection":[{"href":"https:\/\/martillopis.es\/index.php?rest_route=\/wp\/v2\/pages"}],"about":[{"href":"https:\/\/martillopis.es\/index.php?rest_route=\/wp\/v2\/types\/page"}],"author":[{"embeddable":true,"href":"https:\/\/martillopis.es\/index.php?rest_route=\/wp\/v2\/users\/1"}],"replies":[{"embeddable":true,"href":"https:\/\/martillopis.es\/index.php?rest_route=%2Fwp%2Fv2%2Fcomments&post=3012"}],"version-history":[{"count":2,"href":"https:\/\/martillopis.es\/index.php?rest_route=\/wp\/v2\/pages\/3012\/revisions"}],"predecessor-version":[{"id":4413,"href":"https:\/\/martillopis.es\/index.php?rest_route=\/wp\/v2\/pages\/3012\/revisions\/4413"}],"wp:attachment":[{"href":"https:\/\/martillopis.es\/index.php?rest_route=%2Fwp%2Fv2%2Fmedia&parent=3012"}],"curies":[{"name":"wp","href":"https:\/\/api.w.org\/{rel}","templated":true}]}}